{"id":25988,"date":"2025-05-15T15:50:34","date_gmt":"2025-05-15T13:50:34","guid":{"rendered":"https:\/\/www.maremmasanssouci.it\/prenota\/"},"modified":"2025-12-11T15:55:01","modified_gmt":"2025-12-11T14:55:01","slug":"prenota","status":"publish","type":"page","link":"https:\/\/www.maremmasanssouci.it\/fr\/prenota\/","title":{"rendered":"Prenota FR"},"content":{"rendered":"\t\t<div data-elementor-type=\"wp-page\" data-elementor-id=\"25988\" class=\"elementor elementor-25988 elementor-20376\">\n\t\t\t\t\t\t<section class=\"elementor-section elementor-top-section elementor-element elementor-element-4739aac1 elementor-section-full_width elementor-section-height-min-height elementor-section-items-stretch elementor-section-height-default\" data-id=\"4739aac1\" data-element_type=\"section\" data-settings=\"{&quot;background_background&quot;:&quot;classic&quot;}\">\n\t\t\t\t\t\t<div class=\"elementor-container elementor-column-gap-no\">\n\t\t\t\t\t<div class=\"elementor-column elementor-col-50 elementor-top-column elementor-element elementor-element-17329404\" data-id=\"17329404\" data-element_type=\"column\" data-settings=\"{&quot;background_background&quot;:&quot;classic&quot;}\">\n\t\t\t<div class=\"elementor-widget-wrap\">\n\t\t\t\t\t\t\t<\/div>\n\t\t<\/div>\n\t\t\t\t<div class=\"elementor-column elementor-col-50 elementor-top-column elementor-element elementor-element-38745d7e dark-color\" data-id=\"38745d7e\" data-element_type=\"column\">\n\t\t\t<div class=\"elementor-widget-wrap elementor-element-populated\">\n\t\t\t\t\t\t<div class=\"elementor-element elementor-element-612148b elementor-widget__width-auto elementor-absolute elementor-widget elementor-widget-cs_menu_toggle\" data-id=\"612148b\" data-element_type=\"widget\" data-settings=\"{&quot;_position&quot;:&quot;absolute&quot;}\" data-widget_type=\"cs_menu_toggle.default\">\n\t\t\t\t<div class=\"elementor-widget-container\">\n\t\t\t\t\t        <button class=\"menu-toggle elementor-widget-menu-toggle\">\n\t\t\t<span class=\"screen-reader-text\">Menu<\/span>\n\t\t\t<span class=\"menu-toggle-icon\"><\/span>\n\t\t\t\t\t<\/button>\t\t\t\t<\/div>\n\t\t\t\t<\/div>\n\t\t\t\t<div class=\"elementor-element elementor-element-387978f elementor-align-center elementor-widget__width-initial elementor-widget elementor-widget-cs_logo\" data-id=\"387978f\" data-element_type=\"widget\" data-widget_type=\"cs_logo.default\">\n\t\t\t\t<div class=\"elementor-widget-container\">\n\t\t\t\t\t                <a href=\"\/\" aria-label=\"Site Logo Image\">                    <img decoding=\"async\" width=\"200\" height=\"59\" class=\"attachment-full size-full wp-image-24370\" alt=\"\" src=\"https:\/\/www.maremmasanssouci.it\/wp-content\/uploads\/2025\/06\/logo-mobile-header-mss-white.svg\" \/>                <\/a>\t\t\t\t<\/div>\n\t\t\t\t<\/div>\n\t\t\t\t<div class=\"elementor-element elementor-element-29268f1b elementor-hidden-tablet elementor-hidden-mobile elementor-widget elementor-widget-cs_title\" data-id=\"29268f1b\" data-element_type=\"widget\" data-widget_type=\"cs_title.default\">\n\t\t\t\t<div class=\"elementor-widget-container\">\n\t\t\t\t\t\n        <div class=\"cs-title-wrap text-center\">\t            <h3 class=\"cs-title\">\n\t                R\u00e9servez votre s\u00e9jour\t            <\/h3>\t            <div class=\"cs-title-text\">\n\t                <p>R\u00e9servez votre <strong>Maison, Cottage ou Tente Lodge<\/strong>, calculez un devis et obtenez une confirmation imm\u00e9diate, sans attendre.<\/p>\n<p><span style=\"font-weight: 500;\">Besoin de r\u00e9server un emplacement dans un camping\u00a0? <a style=\"color: var(--primary-color);\" href=\"https:\/\/bookingpremium.secureholiday.net\/fr\/16582\/\" target=\"_blank\" rel=\"noopener\">Cliquez ici<\/a><\/span><\/p>\n\t            <\/div>        <\/div>\t\t\t\t<\/div>\n\t\t\t\t<\/div>\n\t\t\t\t<div class=\"elementor-element elementor-element-358c136d elementor-hidden-desktop elementor-widget elementor-widget-cs_title\" data-id=\"358c136d\" data-element_type=\"widget\" data-widget_type=\"cs_title.default\">\n\t\t\t\t<div class=\"elementor-widget-container\">\n\t\t\t\t\t\n        <div class=\"cs-title-wrap text-center\">\t            <h4 class=\"cs-title\">\n\t                R\u00e9servez votre s\u00e9jour\t            <\/h4>        <\/div>\t\t\t\t<\/div>\n\t\t\t\t<\/div>\n\t\t\t\t<div class=\"elementor-element elementor-element-38c44925 elementor-widget elementor-widget-text-editor\" data-id=\"38c44925\" data-element_type=\"widget\" data-widget_type=\"text-editor.default\">\n\t\t\t\t<div class=\"elementor-widget-container\">\n\t\t\t\t\t\t\t\t\t<div id=\"bookingexpertnobox\">\r\n<div id=\"searchpop\"><\/div><br><\/div><br><script src=\"https:\/\/be.bookingexpert.it\/book\/websites\/searchbox?hotel=40470&#038;lang=fr\"><span data-mce-type=\"bookmark\" style=\"display: inline-block; width: 0px; overflow: hidden; line-height: 0;\" class=\"mce_SELRES_start\">\ufeff<\/span><\/script> <script>it.bookingexpert.SearchBox.load('searchpop', 'Popup');<\/script>\t\t\t\t\t\t\t\t<\/div>\n\t\t\t\t<\/div>\n\t\t\t\t<div class=\"elementor-element elementor-element-123b3c8b elementor-icon-list--layout-inline elementor-align-center elementor-list-item-link-inline elementor-widget elementor-widget-icon-list\" data-id=\"123b3c8b\" data-element_type=\"widget\" data-widget_type=\"icon-list.default\">\n\t\t\t\t<div class=\"elementor-widget-container\">\n\t\t\t\t\t\t\t<ul class=\"elementor-icon-list-items elementor-inline-items\">\n\t\t\t\t\t\t\t<li class=\"elementor-icon-list-item elementor-inline-item\">\n\t\t\t\t\t\t\t\t\t\t\t<a href=\"https:\/\/www.maremmasanssouci.it\/fr\/informations\/\">\n\n\t\t\t\t\t\t\t\t\t\t\t<span class=\"elementor-icon-list-text\">Informations avant\/apr\u00e8s r\u00e9servation<\/span>\n\t\t\t\t\t\t\t\t\t\t\t<\/a>\n\t\t\t\t\t\t\t\t\t<\/li>\n\t\t\t\t\t\t\t\t<li class=\"elementor-icon-list-item elementor-inline-item\">\n\t\t\t\t\t\t\t\t\t\t\t<a href=\"https:\/\/www.maremmasanssouci.it\/fr\/offres\/\">\n\n\t\t\t\t\t\t\t\t\t\t\t<span class=\"elementor-icon-list-text\">Offres actives<\/span>\n\t\t\t\t\t\t\t\t\t\t\t<\/a>\n\t\t\t\t\t\t\t\t\t<\/li>\n\t\t\t\t\t\t<\/ul>\n\t\t\t\t\t\t<\/div>\n\t\t\t\t<\/div>\n\t\t\t\t\t<\/div>\n\t\t<\/div>\n\t\t\t\t\t<\/div>\n\t\t<\/section>\n\t\t\t\t<\/div>\n\t\t","protected":false},"excerpt":{"rendered":"<p>Menu R\u00e9servez votre s\u00e9jour R\u00e9servez votre Maison, Cottage ou Tente Lodge, calculez un devis et obtenez une confirmation imm\u00e9diate, sans attendre. Besoin de r\u00e9server un emplacement dans un camping\u00a0? Cliquez ici R\u00e9servez votre s\u00e9jour Informations avant\/apr\u00e8s r\u00e9servation Offres actives<\/p>\n","protected":false},"author":1,"featured_media":24712,"parent":0,"menu_order":0,"comment_status":"closed","ping_status":"closed","template":"elementor_header_footer","meta":{"inline_featured_image":false,"cozystay_single_page_hide_site_header":"on","cozystay_single_page_site_header_source":"","cozystay_single_page_custom_site_header":"","cozystay_single_page_custom_sticky_site_header":"","cozystay_single_page_hide_page_title":"on","cozystay_single_page_header_section_size":"","cozystay_single_page_header_background_color":"","cozystay_single_page_header_background_position_x":"center","cozystay_single_page_header_background_position_y":"center","cozystay_single_page_header_background_size":"cover","cozystay_single_page_header_background_repeat":"off","cozystay_single_page_header_background_scroll":"on","cozystay_single_page_header_text_color":"","cozystay_single_page_header_show_breadcrumb":"","cozystay_single_page_site_footer_hide_main":"on","cozystay_single_custom_site_footer_main_source":"","cozystay_single_custom_site_footer_main":"","cozystay_single_page_site_footer_hide_above":"on","cozystay_single_custom_site_footer_above_source":"","cozystay_single_custom_site_footer_above":"","cozystay_single_page_site_footer_hide_instagram":"on","cozystay_single_page_site_footer_hide_bottom":"on","cozystay_single_custom_mobile_menu_source":"","cozystay_single_custom_mobile_menu":"","cozystay_single_custom_mobile_menu_animation":"","cozystay_single_custom_mobile_menu_width":"","cozystay_single_custom_mobile_menu_custom_width":375,"footnotes":""},"class_list":["post-25988","page","type-page","status-publish","has-post-thumbnail","hentry"],"yoast_head":"<!-- This site is optimized with the Yoast SEO plugin v27.4 - https:\/\/yoast.com\/product\/yoast-seo-wordpress\/ -->\n<title>R\u00e9servez votre s\u00e9jour \u00e0 Maremma Sans Souci<\/title>\n<meta name=\"description\" content=\"R\u00e9servez votre Maison, Cottage ou Tente Lodge, calculez un devis et obtenez une confirmation instantan\u00e9e, sans attente.\" \/>\n<meta name=\"robots\" content=\"index, follow, max-snippet:-1, max-image-preview:large, max-video-preview:-1\" \/>\n<link rel=\"canonical\" href=\"https:\/\/www.maremmasanssouci.it\/fr\/prenota\/\" \/>\n<meta property=\"og:locale\" content=\"fr_FR\" \/>\n<meta property=\"og:type\" content=\"article\" \/>\n<meta property=\"og:title\" content=\"R\u00e9servez votre s\u00e9jour \u00e0 Maremma Sans Souci\" \/>\n<meta property=\"og:description\" content=\"R\u00e9servez votre Maison, Cottage ou Tente Lodge, calculez un devis et obtenez une confirmation instantan\u00e9e, sans attente.\" \/>\n<meta property=\"og:url\" content=\"https:\/\/www.maremmasanssouci.it\/fr\/prenota\/\" \/>\n<meta property=\"og:site_name\" content=\"Maremma Sans Souci\" \/>\n<meta property=\"article:modified_time\" content=\"2025-12-11T14:55:01+00:00\" \/>\n<meta property=\"og:image\" content=\"https:\/\/www.maremmasanssouci.it\/wp-content\/uploads\/2025\/07\/SPIAGGIA-PANORAMICA-PKS-scaled.jpg\" \/>\n\t<meta property=\"og:image:width\" content=\"2560\" \/>\n\t<meta property=\"og:image:height\" content=\"1920\" \/>\n\t<meta property=\"og:image:type\" content=\"image\/jpeg\" \/>\n<meta name=\"twitter:card\" content=\"summary_large_image\" \/>\n<script type=\"application\/ld+json\" class=\"yoast-schema-graph\">{\"@context\":\"https:\\\/\\\/schema.org\",\"@graph\":[{\"@type\":\"WebPage\",\"@id\":\"https:\\\/\\\/www.maremmasanssouci.it\\\/fr\\\/prenota\\\/\",\"url\":\"https:\\\/\\\/www.maremmasanssouci.it\\\/fr\\\/prenota\\\/\",\"name\":\"R\u00e9servez votre s\u00e9jour \u00e0 Maremma Sans Souci\",\"isPartOf\":{\"@id\":\"https:\\\/\\\/www.maremmasanssouci.it\\\/fr\\\/#website\"},\"primaryImageOfPage\":{\"@id\":\"https:\\\/\\\/www.maremmasanssouci.it\\\/fr\\\/prenota\\\/#primaryimage\"},\"image\":{\"@id\":\"https:\\\/\\\/www.maremmasanssouci.it\\\/fr\\\/prenota\\\/#primaryimage\"},\"thumbnailUrl\":\"https:\\\/\\\/www.maremmasanssouci.it\\\/wp-content\\\/uploads\\\/2025\\\/07\\\/SPIAGGIA-PANORAMICA-PKS-scaled.jpg\",\"datePublished\":\"2025-05-15T13:50:34+00:00\",\"dateModified\":\"2025-12-11T14:55:01+00:00\",\"description\":\"R\u00e9servez votre Maison, Cottage ou Tente Lodge, calculez un devis et obtenez une confirmation instantan\u00e9e, sans attente.\",\"breadcrumb\":{\"@id\":\"https:\\\/\\\/www.maremmasanssouci.it\\\/fr\\\/prenota\\\/#breadcrumb\"},\"inLanguage\":\"fr-FR\",\"potentialAction\":[{\"@type\":\"ReadAction\",\"target\":[\"https:\\\/\\\/www.maremmasanssouci.it\\\/fr\\\/prenota\\\/\"]}]},{\"@type\":\"ImageObject\",\"inLanguage\":\"fr-FR\",\"@id\":\"https:\\\/\\\/www.maremmasanssouci.it\\\/fr\\\/prenota\\\/#primaryimage\",\"url\":\"https:\\\/\\\/www.maremmasanssouci.it\\\/wp-content\\\/uploads\\\/2025\\\/07\\\/SPIAGGIA-PANORAMICA-PKS-scaled.jpg\",\"contentUrl\":\"https:\\\/\\\/www.maremmasanssouci.it\\\/wp-content\\\/uploads\\\/2025\\\/07\\\/SPIAGGIA-PANORAMICA-PKS-scaled.jpg\",\"width\":2560,\"height\":1920},{\"@type\":\"BreadcrumbList\",\"@id\":\"https:\\\/\\\/www.maremmasanssouci.it\\\/fr\\\/prenota\\\/#breadcrumb\",\"itemListElement\":[{\"@type\":\"ListItem\",\"position\":1,\"name\":\"Home\",\"item\":\"https:\\\/\\\/www.maremmasanssouci.it\\\/fr\\\/\"},{\"@type\":\"ListItem\",\"position\":2,\"name\":\"Prenota FR\"}]},{\"@type\":\"WebSite\",\"@id\":\"https:\\\/\\\/www.maremmasanssouci.it\\\/fr\\\/#website\",\"url\":\"https:\\\/\\\/www.maremmasanssouci.it\\\/fr\\\/\",\"name\":\"Maremma Sans Souci\",\"description\":\"Un soggiorno in campeggio a contatto con la natura a Castiglione della Pescaia. Tutto il comfort che cerchi nel cuore della Maremma, a due passi dal mare\",\"publisher\":{\"@id\":\"https:\\\/\\\/www.maremmasanssouci.it\\\/fr\\\/#organization\"},\"potentialAction\":[{\"@type\":\"SearchAction\",\"target\":{\"@type\":\"EntryPoint\",\"urlTemplate\":\"https:\\\/\\\/www.maremmasanssouci.it\\\/fr\\\/?s={search_term_string}\"},\"query-input\":{\"@type\":\"PropertyValueSpecification\",\"valueRequired\":true,\"valueName\":\"search_term_string\"}}],\"inLanguage\":\"fr-FR\"},{\"@type\":\"Organization\",\"@id\":\"https:\\\/\\\/www.maremmasanssouci.it\\\/fr\\\/#organization\",\"name\":\"Maremma Sans Souci\",\"url\":\"https:\\\/\\\/www.maremmasanssouci.it\\\/fr\\\/\",\"logo\":{\"@type\":\"ImageObject\",\"inLanguage\":\"fr-FR\",\"@id\":\"https:\\\/\\\/www.maremmasanssouci.it\\\/fr\\\/#\\\/schema\\\/logo\\\/image\\\/\",\"url\":\"https:\\\/\\\/www.maremmasanssouci.it\\\/wp-content\\\/uploads\\\/2025\\\/05\\\/logo-mobile-header-mss.svg\",\"contentUrl\":\"https:\\\/\\\/www.maremmasanssouci.it\\\/wp-content\\\/uploads\\\/2025\\\/05\\\/logo-mobile-header-mss.svg\",\"width\":2488,\"height\":750,\"caption\":\"Maremma Sans Souci\"},\"image\":{\"@id\":\"https:\\\/\\\/www.maremmasanssouci.it\\\/fr\\\/#\\\/schema\\\/logo\\\/image\\\/\"}}]}<\/script>\n<!-- \/ Yoast SEO plugin. -->","yoast_head_json":{"title":"R\u00e9servez votre s\u00e9jour \u00e0 Maremma Sans Souci","description":"R\u00e9servez votre Maison, Cottage ou Tente Lodge, calculez un devis et obtenez une confirmation instantan\u00e9e, sans attente.","robots":{"index":"index","follow":"follow","max-snippet":"max-snippet:-1","max-image-preview":"max-image-preview:large","max-video-preview":"max-video-preview:-1"},"canonical":"https:\/\/www.maremmasanssouci.it\/fr\/prenota\/","og_locale":"fr_FR","og_type":"article","og_title":"R\u00e9servez votre s\u00e9jour \u00e0 Maremma Sans Souci","og_description":"R\u00e9servez votre Maison, Cottage ou Tente Lodge, calculez un devis et obtenez une confirmation instantan\u00e9e, sans attente.","og_url":"https:\/\/www.maremmasanssouci.it\/fr\/prenota\/","og_site_name":"Maremma Sans Souci","article_modified_time":"2025-12-11T14:55:01+00:00","og_image":[{"width":2560,"height":1920,"url":"https:\/\/www.maremmasanssouci.it\/wp-content\/uploads\/2025\/07\/SPIAGGIA-PANORAMICA-PKS-scaled.jpg","type":"image\/jpeg"}],"twitter_card":"summary_large_image","schema":{"@context":"https:\/\/schema.org","@graph":[{"@type":"WebPage","@id":"https:\/\/www.maremmasanssouci.it\/fr\/prenota\/","url":"https:\/\/www.maremmasanssouci.it\/fr\/prenota\/","name":"R\u00e9servez votre s\u00e9jour \u00e0 Maremma Sans Souci","isPartOf":{"@id":"https:\/\/www.maremmasanssouci.it\/fr\/#website"},"primaryImageOfPage":{"@id":"https:\/\/www.maremmasanssouci.it\/fr\/prenota\/#primaryimage"},"image":{"@id":"https:\/\/www.maremmasanssouci.it\/fr\/prenota\/#primaryimage"},"thumbnailUrl":"https:\/\/www.maremmasanssouci.it\/wp-content\/uploads\/2025\/07\/SPIAGGIA-PANORAMICA-PKS-scaled.jpg","datePublished":"2025-05-15T13:50:34+00:00","dateModified":"2025-12-11T14:55:01+00:00","description":"R\u00e9servez votre Maison, Cottage ou Tente Lodge, calculez un devis et obtenez une confirmation instantan\u00e9e, sans attente.","breadcrumb":{"@id":"https:\/\/www.maremmasanssouci.it\/fr\/prenota\/#breadcrumb"},"inLanguage":"fr-FR","potentialAction":[{"@type":"ReadAction","target":["https:\/\/www.maremmasanssouci.it\/fr\/prenota\/"]}]},{"@type":"ImageObject","inLanguage":"fr-FR","@id":"https:\/\/www.maremmasanssouci.it\/fr\/prenota\/#primaryimage","url":"https:\/\/www.maremmasanssouci.it\/wp-content\/uploads\/2025\/07\/SPIAGGIA-PANORAMICA-PKS-scaled.jpg","contentUrl":"https:\/\/www.maremmasanssouci.it\/wp-content\/uploads\/2025\/07\/SPIAGGIA-PANORAMICA-PKS-scaled.jpg","width":2560,"height":1920},{"@type":"BreadcrumbList","@id":"https:\/\/www.maremmasanssouci.it\/fr\/prenota\/#breadcrumb","itemListElement":[{"@type":"ListItem","position":1,"name":"Home","item":"https:\/\/www.maremmasanssouci.it\/fr\/"},{"@type":"ListItem","position":2,"name":"Prenota FR"}]},{"@type":"WebSite","@id":"https:\/\/www.maremmasanssouci.it\/fr\/#website","url":"https:\/\/www.maremmasanssouci.it\/fr\/","name":"Maremma Sans Souci","description":"Un soggiorno in campeggio a contatto con la natura a Castiglione della Pescaia. Tutto il comfort che cerchi nel cuore della Maremma, a due passi dal mare","publisher":{"@id":"https:\/\/www.maremmasanssouci.it\/fr\/#organization"},"potentialAction":[{"@type":"SearchAction","target":{"@type":"EntryPoint","urlTemplate":"https:\/\/www.maremmasanssouci.it\/fr\/?s={search_term_string}"},"query-input":{"@type":"PropertyValueSpecification","valueRequired":true,"valueName":"search_term_string"}}],"inLanguage":"fr-FR"},{"@type":"Organization","@id":"https:\/\/www.maremmasanssouci.it\/fr\/#organization","name":"Maremma Sans Souci","url":"https:\/\/www.maremmasanssouci.it\/fr\/","logo":{"@type":"ImageObject","inLanguage":"fr-FR","@id":"https:\/\/www.maremmasanssouci.it\/fr\/#\/schema\/logo\/image\/","url":"https:\/\/www.maremmasanssouci.it\/wp-content\/uploads\/2025\/05\/logo-mobile-header-mss.svg","contentUrl":"https:\/\/www.maremmasanssouci.it\/wp-content\/uploads\/2025\/05\/logo-mobile-header-mss.svg","width":2488,"height":750,"caption":"Maremma Sans Souci"},"image":{"@id":"https:\/\/www.maremmasanssouci.it\/fr\/#\/schema\/logo\/image\/"}}]}},"_links":{"self":[{"href":"https:\/\/www.maremmasanssouci.it\/fr\/wp-json\/wp\/v2\/pages\/25988","targetHints":{"allow":["GET"]}}],"collection":[{"href":"https:\/\/www.maremmasanssouci.it\/fr\/wp-json\/wp\/v2\/pages"}],"about":[{"href":"https:\/\/www.maremmasanssouci.it\/fr\/wp-json\/wp\/v2\/types\/page"}],"author":[{"embeddable":true,"href":"https:\/\/www.maremmasanssouci.it\/fr\/wp-json\/wp\/v2\/users\/1"}],"replies":[{"embeddable":true,"href":"https:\/\/www.maremmasanssouci.it\/fr\/wp-json\/wp\/v2\/comments?post=25988"}],"version-history":[{"count":8,"href":"https:\/\/www.maremmasanssouci.it\/fr\/wp-json\/wp\/v2\/pages\/25988\/revisions"}],"predecessor-version":[{"id":27646,"href":"https:\/\/www.maremmasanssouci.it\/fr\/wp-json\/wp\/v2\/pages\/25988\/revisions\/27646"}],"wp:featuredmedia":[{"embeddable":true,"href":"https:\/\/www.maremmasanssouci.it\/fr\/wp-json\/wp\/v2\/media\/24712"}],"wp:attachment":[{"href":"https:\/\/www.maremmasanssouci.it\/fr\/wp-json\/wp\/v2\/media?parent=25988"}],"curies":[{"name":"wp","href":"https:\/\/api.w.org\/{rel}","templated":true}]}}